{"id":6,"date":"2021-03-15T16:15:54","date_gmt":"2021-03-15T16:15:54","guid":{"rendered":"http:\/\/localhost\/wordpress\/?page_id=2"},"modified":"2021-09-27T11:18:12","modified_gmt":"2021-09-27T11:18:12","slug":"pagina-ejemplo","status":"publish","type":"page","link":"https:\/\/acdct.es\/","title":{"rendered":"\u00bfQUI\u00c9NES SOMOS?"},"content":{"rendered":"\n<p>La Asociaci\u00f3n Coru\u00f1esa de Derecho Comparado del Trabajo y de la Seguridad Social (ACDCTSS) es una asociaci\u00f3n sin \u00e1nimo de lucro de \u00e1mbito estatal, constituida el 24 marzo 2008, inscrita en el Registro Nacional de Asociaciones (Grupo 1, Secci\u00f3n 1, N\u00famero nacional 590631), y ubicada en Internet en <a href=\"https:\/\/acdct.es\/\">https:\/\/acdct.es<\/a>.<\/p>\n\n\n\n<p>Seg\u00fan sus Estatutos, tiene como fines, entre otros, \u00abla investigaci\u00f3n del Derecho comparado del Trabajo y de la Seguridad Social\u00bb [art\u00edculo 3, letra a)]. Para el cumplimiento de esta finalidad, realiza diversas actividades. Entre ellas, seg\u00fan sus Estatutos, \u00abla creaci\u00f3n de un Instituto de investigaci\u00f3n\u00bb [art\u00edculo 4, letra a)], as\u00ed como \u00abla elaboraci\u00f3n de una Anuario jur\u00eddico\u00bb [art\u00edculo 4, letra b)].<\/p>\n\n\n\n<p>Su Junta Directiva est\u00e1 integrada por el Profesor Doctor Jes\u00fas Mart\u00ednez Gir\u00f3n, Catedr\u00e1tico de Derecho del Trabajo y Seguridad Social de la Universidad de A Coru\u00f1a, Presidente de la Asociaci\u00f3n (jmg@udc.es); por el Profesor Doctor Alberto Arufe Varela, Catedr\u00e1tico de Derecho del Trabajo y Seguridad Social de la Universidad de A Coru\u00f1a, Vicepresidente de la Asociaci\u00f3n (titof@udc.es); por el Profesor Doctor Xos\u00e9 Manuel Carril V\u00e1zquez, Profesor Titular de Derecho del Trabajo y Seguridad Social de la Universidad de A Coru\u00f1a, Secretario de la Asociaci\u00f3n (lucasius@udc.gal); y por el Profesor Doctor Iv\u00e1n Vizca\u00edno Ramos, Profesor Ayudante Doctor de Derecho del Trabajo y de la Seguridad Social de la Universidad de A Coru\u00f1a (i.vizcaino@udc.es), Vicesecretario adjunto de la Asociaci\u00f3n.<\/p>\n","protected":false},"excerpt":{"rendered":"<p>La Asociaci\u00f3n Coru\u00f1esa de Derecho Comparado del Trabajo y de la Seguridad Social (ACDCTSS) es una asociaci\u00f3n sin \u00e1nimo de lucro de \u00e1mbito estatal, constituida el 24 marzo 2008, inscrita en el Registro Nacional de Asociaciones (Grupo 1, Secci\u00f3n 1, N\u00famero nacional 590631), y ubicada en Internet en https:\/\/acdct.es. Seg\u00fan sus Estatutos, tiene como fines, [&hellip;]<\/p>\n","protected":false},"author":2,"featured_media":0,"parent":0,"menu_order":0,"comment_status":"closed","ping_status":"open","template":"","meta":{"footnotes":""},"class_list":["post-6","page","type-page","status-publish","hentry"],"_links":{"self":[{"href":"https:\/\/acdct.es\/index.php\/wp-json\/wp\/v2\/pages\/6","targetHints":{"allow":["GET"]}}],"collection":[{"href":"https:\/\/acdct.es\/index.php\/wp-json\/wp\/v2\/pages"}],"about":[{"href":"https:\/\/acdct.es\/index.php\/wp-json\/wp\/v2\/types\/page"}],"author":[{"embeddable":true,"href":"https:\/\/acdct.es\/index.php\/wp-json\/wp\/v2\/users\/2"}],"replies":[{"embeddable":true,"href":"https:\/\/acdct.es\/index.php\/wp-json\/wp\/v2\/comments?post=6"}],"version-history":[{"count":5,"href":"https:\/\/acdct.es\/index.php\/wp-json\/wp\/v2\/pages\/6\/revisions"}],"predecessor-version":[{"id":800,"href":"https:\/\/acdct.es\/index.php\/wp-json\/wp\/v2\/pages\/6\/revisions\/800"}],"wp:attachment":[{"href":"https:\/\/acdct.es\/index.php\/wp-json\/wp\/v2\/media?parent=6"}],"curies":[{"name":"wp","href":"https:\/\/api.w.org\/{rel}","templated":true}]}}