{"id":624,"date":"2021-09-02T17:40:44","date_gmt":"2021-09-02T17:40:44","guid":{"rendered":"http:\/\/acdct.es\/?page_id=624"},"modified":"2021-09-08T10:11:07","modified_gmt":"2021-09-08T10:11:07","slug":"traducciones","status":"publish","type":"page","link":"https:\/\/acdct.es\/index.php\/traducciones\/","title":{"rendered":"TRADUCCIONES"},"content":{"rendered":"<div id=\"pl-gb624-69e7539e25f4f\"  class=\"panel-layout\" ><div id=\"pg-gb624-69e7539e25f4f-0\"  class=\"panel-grid panel-no-style\" ><div id=\"pgc-gb624-69e7539e25f4f-0-0\"  class=\"panel-grid-cell\" ><div id=\"panel-gb624-69e7539e25f4f-0-0-0\" class=\"so-panel widget widget_sow-image panel-first-child panel-last-child\" data-index=\"0\" ><div\n\t\t\t\n\t\t\tclass=\"so-widget-sow-image so-widget-sow-image-default-8b5b6f678277-624\"\n\t\t\t\n\t\t>\n<div class=\"sow-image-container\">\n\t\t<img \n\tsrc=\"https:\/\/acdct.es\/wp-content\/uploads\/2021\/09\/Leyes-laborales-alemanas-211x300.png\" width=\"211\" height=\"300\" srcset=\"https:\/\/acdct.es\/wp-content\/uploads\/2021\/09\/Leyes-laborales-alemanas-211x300.png 211w, https:\/\/acdct.es\/wp-content\/uploads\/2021\/09\/Leyes-laborales-alemanas.png 377w\" sizes=\"(max-width: 211px) 100vw, 211px\" title=\"Leyes laborales alemanas\" alt=\"\" \t\tclass=\"so-widget-image\"\/>\n\t<\/div>\n\n<\/div><\/div><\/div><div id=\"pgc-gb624-69e7539e25f4f-0-1\"  class=\"panel-grid-cell\" ><div id=\"panel-gb624-69e7539e25f4f-0-1-0\" class=\"so-panel widget widget_sow-editor panel-first-child panel-last-child\" data-index=\"1\" ><div\n\t\t\t\n\t\t\tclass=\"so-widget-sow-editor so-widget-sow-editor-base\"\n\t\t\t\n\t\t><h3 class=\"widget-title\">Leyes laborales alemanas. Estudio comparado y traducci\u00f3n castellana<\/h3>\n<div class=\"siteorigin-widget-tinymce textwidget\">\n\t<p>Jes\u00fas Mart\u00ednez Gir\u00f3n y Alberto Arufe Varela<\/p>\n<\/div>\n<\/div><\/div><\/div><div id=\"pgc-gb624-69e7539e25f4f-0-2\"  class=\"panel-grid-cell\" ><div id=\"panel-gb624-69e7539e25f4f-0-2-0\" class=\"so-panel widget widget_sow-button panel-first-child panel-last-child\" data-index=\"2\" ><div\n\t\t\t\n\t\t\tclass=\"so-widget-sow-button so-widget-sow-button-atom-a4a7116f49f3-624\"\n\t\t\t\n\t\t><div class=\"ow-button-base ow-button-align-left\"\n>\n\t\t\t<a\n\t\t\t\t\thref=\"https:\/\/acdct.es\/wp-content\/uploads\/2021\/09\/Leyes-laborales-alemanas.pdf\"\n\t\t\t\t\tclass=\"sowb-button ow-icon-placement-left ow-button-hover\" target=\"_blank\" rel=\"noopener noreferrer\" \t>\n\t\t<span>\n\t\t\t<span class=\"sow-icon-fontawesome sow-far\" data-sow-icon=\"&#xf1c1;\"\n\t\tstyle=\"color: #dd3333\" \n\t\taria-hidden=\"true\"><\/span>\n\t\t\tAbrir\t\t<\/span>\n\t\t\t<\/a>\n\t<\/div>\n<\/div><\/div><\/div><\/div><div id=\"pg-gb624-69e7539e25f4f-1\"  class=\"panel-grid panel-no-style\" ><div id=\"pgc-gb624-69e7539e25f4f-1-0\"  class=\"panel-grid-cell\" ><div id=\"panel-gb624-69e7539e25f4f-1-0-0\" class=\"so-panel widget widget_sow-image panel-first-child panel-last-child\" data-index=\"3\" ><div\n\t\t\t\n\t\t\tclass=\"so-widget-sow-image so-widget-sow-image-default-8b5b6f678277-624\"\n\t\t\t\n\t\t>\n<div class=\"sow-image-container\">\n\t\t<img \n\tsrc=\"https:\/\/acdct.es\/wp-content\/uploads\/2021\/09\/Grandes-casos-214x300.png\" width=\"214\" height=\"300\" srcset=\"https:\/\/acdct.es\/wp-content\/uploads\/2021\/09\/Grandes-casos-214x300.png 214w, https:\/\/acdct.es\/wp-content\/uploads\/2021\/09\/Grandes-casos.png 381w\" sizes=\"(max-width: 214px) 100vw, 214px\" title=\"Grandes casos\" alt=\"\" \t\tclass=\"so-widget-image\"\/>\n\t<\/div>\n\n<\/div><\/div><\/div><div id=\"pgc-gb624-69e7539e25f4f-1-1\"  class=\"panel-grid-cell\" ><div id=\"panel-gb624-69e7539e25f4f-1-1-0\" class=\"so-panel widget widget_sow-editor panel-first-child panel-last-child\" data-index=\"4\" ><div\n\t\t\t\n\t\t\tclass=\"so-widget-sow-editor so-widget-sow-editor-base\"\n\t\t\t\n\t\t><h3 class=\"widget-title\">Los grandes casos judiciales del Derecho alem\u00e1n del Trabajo. Estudio comparado con el Derecho espa\u00f1ol y traducci\u00f3n castellana <\/h3>\n<div class=\"siteorigin-widget-tinymce textwidget\">\n\t<p>Ulrich Zachert, Jes\u00fas Mart\u00ednez Gir\u00f3n y Alberto Arufe Varela<\/p>\n<\/div>\n<\/div><\/div><\/div><div id=\"pgc-gb624-69e7539e25f4f-1-2\"  class=\"panel-grid-cell\" ><div id=\"panel-gb624-69e7539e25f4f-1-2-0\" class=\"so-panel widget widget_sow-button panel-first-child panel-last-child\" data-index=\"5\" ><div\n\t\t\t\n\t\t\tclass=\"so-widget-sow-button so-widget-sow-button-atom-a4a7116f49f3-624\"\n\t\t\t\n\t\t><div class=\"ow-button-base ow-button-align-left\"\n>\n\t\t\t<a\n\t\t\t\t\thref=\"https:\/\/acdct.es\/wp-content\/uploads\/2021\/09\/Los-grandes-casos-judiciales.pdf\"\n\t\t\t\t\tclass=\"sowb-button ow-icon-placement-left ow-button-hover\" target=\"_blank\" rel=\"noopener noreferrer\" \t>\n\t\t<span>\n\t\t\t<span class=\"sow-icon-fontawesome sow-far\" data-sow-icon=\"&#xf1c1;\"\n\t\tstyle=\"color: #dd3333\" \n\t\taria-hidden=\"true\"><\/span>\n\t\t\tAbrir\t\t<\/span>\n\t\t\t<\/a>\n\t<\/div>\n<\/div><\/div><\/div><\/div><\/div>","protected":false},"excerpt":{"rendered":"<p>Jes\u00fas Mart\u00ednez Gir\u00f3n y Alberto Arufe Varela Ulrich Zachert, Jes\u00fas Mart\u00ednez Gir\u00f3n y Alberto Arufe Varela<\/p>\n","protected":false},"author":1,"featured_media":0,"parent":0,"menu_order":0,"comment_status":"closed","ping_status":"closed","template":"","meta":{"footnotes":""},"class_list":["post-624","page","type-page","status-publish","hentry"],"_links":{"self":[{"href":"https:\/\/acdct.es\/index.php\/wp-json\/wp\/v2\/pages\/624","targetHints":{"allow":["GET"]}}],"collection":[{"href":"https:\/\/acdct.es\/index.php\/wp-json\/wp\/v2\/pages"}],"about":[{"href":"https:\/\/acdct.es\/index.php\/wp-json\/wp\/v2\/types\/page"}],"author":[{"embeddable":true,"href":"https:\/\/acdct.es\/index.php\/wp-json\/wp\/v2\/users\/1"}],"replies":[{"embeddable":true,"href":"https:\/\/acdct.es\/index.php\/wp-json\/wp\/v2\/comments?post=624"}],"version-history":[{"count":6,"href":"https:\/\/acdct.es\/index.php\/wp-json\/wp\/v2\/pages\/624\/revisions"}],"predecessor-version":[{"id":788,"href":"https:\/\/acdct.es\/index.php\/wp-json\/wp\/v2\/pages\/624\/revisions\/788"}],"wp:attachment":[{"href":"https:\/\/acdct.es\/index.php\/wp-json\/wp\/v2\/media?parent=624"}],"curies":[{"name":"wp","href":"https:\/\/api.w.org\/{rel}","templated":true}]}}