{"id":638,"date":"2021-09-06T17:25:29","date_gmt":"2021-09-06T17:25:29","guid":{"rendered":"http:\/\/acdct.es\/?page_id=638"},"modified":"2021-09-07T09:44:25","modified_gmt":"2021-09-07T09:44:25","slug":"instrucciones-a-los-autores","status":"publish","type":"page","link":"https:\/\/acdct.es\/index.php\/anuario-corunes-acdct\/instrucciones-a-los-autores\/","title":{"rendered":"INSTRUCCIONES A LOS AUTORES"},"content":{"rendered":"<p>1\u00aa.- El <em>Anuario<\/em> s\u00f3lo publica trabajos originales, que deber\u00e1n ajustarse a la definici\u00f3n, a la tem\u00e1tica y al concreto p\u00fablico jur\u00eddico al que va dirigido.<\/p>\n<p>2\u00aa.-Los originales en cuesti\u00f3n deber\u00e1n estar redactados, en lo que concierne al texto, en letra Times New Roman, tama\u00f1o 14, interlineado sencillo; yen lo que concierne al aparato cr\u00edtico, en letra Times New Roman, tama\u00f1o 12. Como regla, el m\u00e1ximo de p\u00e1ginas no deber\u00eda exceder de veinticinco.<\/p>\n<p>3\u00aa.-\u00a0 Tambi\u00e9n como regla, la cita bibliogr\u00e1fica, si se trata de libros, especificar\u00e1 con may\u00fasculas el nombre del autor, en cursiva el t\u00edtulo del libro, y en redonda el n\u00famero de edici\u00f3n y la editorial, el lugar y el a\u00f1o de publicaci\u00f3n (ambos entre par\u00e9ntesis, separados por una coma), y por \u00faltimo, la p\u00e1gina o p\u00e1ginas; y si se trata de art\u00edculos de revista se seguir\u00e1 el mismo criterio, con la salvedad de que el t\u00edtulo del art\u00edculo constar\u00e1 entre comillas, y el nombre de la revista en cursiva.<\/p>\n<p>4\u00aa.- Los originales podr\u00e1n enviarse a nombre de cualquiera de los miembros del Consejo de Redacci\u00f3n del <em>Anuario<\/em>, por correo electr\u00f3nico, a las direcciones jmg@udc.es o titof@udc.es.<\/p>\n<p>5\u00aa.- Los originales deber\u00e1n incluir el nombre de la instituci\u00f3n de trabajo del autor o autores, as\u00ed como una direcci\u00f3n de correo electr\u00f3nico de contacto.<\/p>\n<p>6\u00aa.- A los originales deber\u00e1 acompa\u00f1arse un resumen del estudio, en la lengua en que ha sido escrito y, adem\u00e1s, en ingl\u00e9s. Igualmente, deber\u00e1 acompa\u00f1arse al mismo un elenco de palabras clave, con un m\u00e1ximo de cinco, asimismo redactadas en la lengua de concepci\u00f3n del estudio y en ingl\u00e9s. El t\u00edtulo del estudio debe figurar, tambi\u00e9n, en ingl\u00e9s.<\/p>\n<p>7\u00aa.- Se admiten originales redactados en castellano (y dem\u00e1s lenguas cooficiales de Espa\u00f1a), al igual que en ingl\u00e9s, franc\u00e9s, alem\u00e1n, italiano y portugu\u00e9s.<\/p>\n<p>8\u00aa.-Una vez recibidos los originales, y tras la valoraci\u00f3n de los mismos por los evaluadores externos del <em>Anuario<\/em>, se comunicar\u00e1 por la Direcci\u00f3n o Subdirecci\u00f3n del propio <em>Anuario<\/em> la aceptaci\u00f3n del Consejo de Redacci\u00f3n, a trav\u00e9s de correo electr\u00f3nico.<\/p>\n<p>9\u00aa.- Como regla general, el per\u00edodo h\u00e1bil para la recepci\u00f3n de originales comprende hasta febrero del a\u00f1o natural correspondiente al volumen de quese trate, comunic\u00e1ndose laaceptaci\u00f3n, en sucaso, dentro del mes siguiente a la fecha de recepci\u00f3n del original.<\/p>\n","protected":false},"excerpt":{"rendered":"<p>1\u00aa.- El Anuario s\u00f3lo publica trabajos originales, que deber\u00e1n ajustarse a la definici\u00f3n, a la tem\u00e1tica y al concreto p\u00fablico jur\u00eddico al que va dirigido. 2\u00aa.-Los originales en cuesti\u00f3n deber\u00e1n estar redactados, en lo que concierne al texto, en letra Times New Roman, tama\u00f1o 14, interlineado sencillo; yen lo que concierne al aparato cr\u00edtico, en [&hellip;]<\/p>\n","protected":false},"author":1,"featured_media":0,"parent":93,"menu_order":0,"comment_status":"closed","ping_status":"closed","template":"","meta":{"footnotes":""},"class_list":["post-638","page","type-page","status-publish","hentry"],"_links":{"self":[{"href":"https:\/\/acdct.es\/index.php\/wp-json\/wp\/v2\/pages\/638","targetHints":{"allow":["GET"]}}],"collection":[{"href":"https:\/\/acdct.es\/index.php\/wp-json\/wp\/v2\/pages"}],"about":[{"href":"https:\/\/acdct.es\/index.php\/wp-json\/wp\/v2\/types\/page"}],"author":[{"embeddable":true,"href":"https:\/\/acdct.es\/index.php\/wp-json\/wp\/v2\/users\/1"}],"replies":[{"embeddable":true,"href":"https:\/\/acdct.es\/index.php\/wp-json\/wp\/v2\/comments?post=638"}],"version-history":[{"count":3,"href":"https:\/\/acdct.es\/index.php\/wp-json\/wp\/v2\/pages\/638\/revisions"}],"predecessor-version":[{"id":683,"href":"https:\/\/acdct.es\/index.php\/wp-json\/wp\/v2\/pages\/638\/revisions\/683"}],"up":[{"embeddable":true,"href":"https:\/\/acdct.es\/index.php\/wp-json\/wp\/v2\/pages\/93"}],"wp:attachment":[{"href":"https:\/\/acdct.es\/index.php\/wp-json\/wp\/v2\/media?parent=638"}],"curies":[{"name":"wp","href":"https:\/\/api.w.org\/{rel}","templated":true}]}}