{"id":849,"date":"2021-10-25T10:46:56","date_gmt":"2021-10-25T10:46:56","guid":{"rendered":"http:\/\/acdct.es\/?page_id=849"},"modified":"2023-06-13T11:52:58","modified_gmt":"2023-06-13T11:52:58","slug":"webinar-luso-espanhol-2023","status":"publish","type":"page","link":"https:\/\/acdct.es\/index.php\/webinar-luso-espanhol-2023\/","title":{"rendered":"WEBINAR LUSO-ESPA\u00d1OL 2023"},"content":{"rendered":"<div id=\"pl-849\"  class=\"panel-layout\" ><div id=\"pg-849-0\"  class=\"panel-grid panel-no-style\" ><div id=\"pgc-849-0-0\"  class=\"panel-grid-cell\" ><div id=\"panel-849-0-0-0\" class=\"so-panel widget widget_sow-editor panel-first-child panel-last-child\" data-index=\"0\" ><div\n\t\t\t\n\t\t\tclass=\"so-widget-sow-editor so-widget-sow-editor-base\"\n\t\t\t\n\t\t><h3 class=\"widget-title\"> WEBINAR LUSO-ESPANHOL SOBRE \"OS PROBLEMAS JUR\u00cdDICOS, LABORAIS E SOCIETARIOS, COLOCADOS PELAS SOCIEDADES UNIPESSOAIS\"<\/h3>\n<div class=\"siteorigin-widget-tinymce textwidget\">\n\t<p>El 14 de junio de 2023, enmarcado en las actividades de colaboraci\u00f3n entre el Instituto de Investigaci\u00f3n de la Asociaci\u00f3n Coru\u00f1esa de Derecho Comparado del Trabajo y\u00a0 el M\u00e1ster en Derecho de las Empresas y del Trabajo del ISCTE - Instituto Universitario de Lisboa, se celebrar\u00e1 el\u00a0 II Webinar Luso-Espa\u00f1ol sobre Derecho del Trabajo y de la Empresa, con el siguiente t\u00edtulo:<\/p>\n<p>\"OS PROBLEMAS JUR\u00cdDICOS, LABORAIS E SOCIETARIOS, COLOCADOS PELAS SOCIEDADES UNIPESSOAIS\"<\/p>\n<p>La actividad dar\u00e1 comienzo a las 17h (hora espa\u00f1ola), 16h en Portugal.<\/p>\n<p>Se invita a todas las personas interesadas en participar a conectarse a trav\u00e9s del siguiente enlace: https:\/\/n9.cl\/acdct<\/p>\n<\/div>\n<\/div><\/div><\/div><\/div><\/div>","protected":false},"excerpt":{"rendered":"<p>El 14 de junio de 2023, enmarcado en las actividades de colaboraci\u00f3n entre el Instituto de Investigaci\u00f3n de la Asociaci\u00f3n Coru\u00f1esa de Derecho Comparado del Trabajo y\u00a0 el M\u00e1ster en Derecho de las Empresas y del Trabajo del ISCTE &#8211; Instituto Universitario de Lisboa, se celebrar\u00e1 el\u00a0 II Webinar Luso-Espa\u00f1ol sobre Derecho del Trabajo y [&hellip;]<\/p>\n","protected":false},"author":1,"featured_media":0,"parent":0,"menu_order":0,"comment_status":"closed","ping_status":"closed","template":"","meta":{"footnotes":""},"class_list":["post-849","page","type-page","status-publish","hentry"],"_links":{"self":[{"href":"https:\/\/acdct.es\/index.php\/wp-json\/wp\/v2\/pages\/849","targetHints":{"allow":["GET"]}}],"collection":[{"href":"https:\/\/acdct.es\/index.php\/wp-json\/wp\/v2\/pages"}],"about":[{"href":"https:\/\/acdct.es\/index.php\/wp-json\/wp\/v2\/types\/page"}],"author":[{"embeddable":true,"href":"https:\/\/acdct.es\/index.php\/wp-json\/wp\/v2\/users\/1"}],"replies":[{"embeddable":true,"href":"https:\/\/acdct.es\/index.php\/wp-json\/wp\/v2\/comments?post=849"}],"version-history":[{"count":54,"href":"https:\/\/acdct.es\/index.php\/wp-json\/wp\/v2\/pages\/849\/revisions"}],"predecessor-version":[{"id":1012,"href":"https:\/\/acdct.es\/index.php\/wp-json\/wp\/v2\/pages\/849\/revisions\/1012"}],"wp:attachment":[{"href":"https:\/\/acdct.es\/index.php\/wp-json\/wp\/v2\/media?parent=849"}],"curies":[{"name":"wp","href":"https:\/\/api.w.org\/{rel}","templated":true}]}}