{"id":89,"date":"2021-03-18T19:25:36","date_gmt":"2021-03-18T18:25:36","guid":{"rendered":"http:\/\/localhost\/wordpress\/?page_id=89"},"modified":"2021-09-07T17:00:58","modified_gmt":"2021-09-07T17:00:58","slug":"contacto","status":"publish","type":"page","link":"https:\/\/acdct.es\/index.php\/contacto\/","title":{"rendered":"CONTACTO"},"content":{"rendered":"<div id=\"pl-gb89-6a01c5cd8cb3f\"  class=\"panel-layout\" ><div id=\"pg-gb89-6a01c5cd8cb3f-0\"  class=\"panel-grid panel-no-style\" ><div id=\"pgc-gb89-6a01c5cd8cb3f-0-0\"  class=\"panel-grid-cell\" ><div id=\"panel-gb89-6a01c5cd8cb3f-0-0-0\" class=\"so-panel widget widget_sow-editor panel-first-child panel-last-child\" data-index=\"0\" ><div\n\t\t\t\n\t\t\tclass=\"so-widget-sow-editor so-widget-sow-editor-base\"\n\t\t\t\n\t\t><h3 class=\"widget-title\">Nuestra Junta Directiva:<\/h3>\n<div class=\"siteorigin-widget-tinymce textwidget\">\n\t<p>Profesor Doctor Jes\u00fas Mart\u00ednez Gir\u00f3n, Catedr\u00e1tico de Derecho del Trabajo y Seguridad Social de la Universidad de A Coru\u00f1a, Presidente de la Asociaci\u00f3n (jmg@udc.es).<\/p>\n<p>Profesor Doctor Alberto Arufe Varela, Catedr\u00e1tico de Derecho del Trabajo y Seguridad Social de la Universidad de A Coru\u00f1a, Vicepresidente de la Asociaci\u00f3n (titof@udc.es).<\/p>\n<p>Profesor Doctor Xos\u00e9 Manuel Carril V\u00e1zquez, Profesor Titular de Derecho del Trabajo y Seguridad Social de la Universidad de A Coru\u00f1a, Secretario de la Asociaci\u00f3n (lucasius@udc.gal).<\/p>\n<p>Profesor Doctor Iv\u00e1n Vizca\u00edno Ramos, Profesor Ayudante Doctor de Derecho del Trabajo y de la Seguridad Social de la Universidad de A Coru\u00f1a, Vicesecretario adjunto de la Asociaci\u00f3n (i.vizcaino@udc.es).<\/p>\n<\/div>\n<\/div><\/div><\/div><\/div><\/div>","protected":false},"excerpt":{"rendered":"<p>Profesor Doctor Jes\u00fas Mart\u00ednez Gir\u00f3n, Catedr\u00e1tico de Derecho del Trabajo y Seguridad Social de la Universidad de A Coru\u00f1a, Presidente de la Asociaci\u00f3n (jmg@udc.es). Profesor Doctor Alberto Arufe Varela, Catedr\u00e1tico de Derecho del Trabajo y Seguridad Social de la Universidad de A Coru\u00f1a, Vicepresidente de la Asociaci\u00f3n (titof@udc.es). Profesor Doctor Xos\u00e9 Manuel Carril V\u00e1zquez, Profesor [&hellip;]<\/p>\n","protected":false},"author":2,"featured_media":0,"parent":0,"menu_order":0,"comment_status":"closed","ping_status":"closed","template":"","meta":{"footnotes":""},"class_list":["post-89","page","type-page","status-publish","hentry"],"_links":{"self":[{"href":"https:\/\/acdct.es\/index.php\/wp-json\/wp\/v2\/pages\/89","targetHints":{"allow":["GET"]}}],"collection":[{"href":"https:\/\/acdct.es\/index.php\/wp-json\/wp\/v2\/pages"}],"about":[{"href":"https:\/\/acdct.es\/index.php\/wp-json\/wp\/v2\/types\/page"}],"author":[{"embeddable":true,"href":"https:\/\/acdct.es\/index.php\/wp-json\/wp\/v2\/users\/2"}],"replies":[{"embeddable":true,"href":"https:\/\/acdct.es\/index.php\/wp-json\/wp\/v2\/comments?post=89"}],"version-history":[{"count":3,"href":"https:\/\/acdct.es\/index.php\/wp-json\/wp\/v2\/pages\/89\/revisions"}],"predecessor-version":[{"id":761,"href":"https:\/\/acdct.es\/index.php\/wp-json\/wp\/v2\/pages\/89\/revisions\/761"}],"wp:attachment":[{"href":"https:\/\/acdct.es\/index.php\/wp-json\/wp\/v2\/media?parent=89"}],"curies":[{"name":"wp","href":"https:\/\/api.w.org\/{rel}","templated":true}]}}